{"id":545,"date":"2022-02-25T09:55:38","date_gmt":"2022-02-25T08:55:38","guid":{"rendered":"https:\/\/www.yuzu-diningbar.nl\/?page_id=545"},"modified":"2026-02-12T15:58:59","modified_gmt":"2026-02-12T14:58:59","slug":"events","status":"publish","type":"page","link":"https:\/\/www.yuzu-diningbar.nl\/nl\/events\/","title":{"rendered":"Evenementen"},"content":{"rendered":"<div class=\"wp-block text-image py-12 md:py-32\">\n    <div class=\"container grid items-center gap-24 md:grid-cols-2\">\n        <div class=\"images  relative\">\n            <div class=\"aspect-[9\/11] w-10\/12 md:aspect-auto md:h-full\">\n                <img loading=\"lazy\" decoding=\"async\" width=\"683\" height=\"1024\" src=\"https:\/\/www.yuzu-diningbar.nl\/wp-content\/uploads\/2022\/12\/YUZU_18-683x1024.jpg\" class=\"object-cover h-full w-full main-image\" alt=\"\" srcset=\"https:\/\/www.yuzu-diningbar.nl\/wp-content\/uploads\/2022\/12\/YUZU_18-683x1024.jpg 683w, https:\/\/www.yuzu-diningbar.nl\/wp-content\/uploads\/2022\/12\/YUZU_18-200x300.jpg 200w, https:\/\/www.yuzu-diningbar.nl\/wp-content\/uploads\/2022\/12\/YUZU_18-768x1152.jpg 768w, https:\/\/www.yuzu-diningbar.nl\/wp-content\/uploads\/2022\/12\/YUZU_18-1024x1536.jpg 1024w, https:\/\/www.yuzu-diningbar.nl\/wp-content\/uploads\/2022\/12\/YUZU_18-1365x2048.jpg 1365w, https:\/\/www.yuzu-diningbar.nl\/wp-content\/uploads\/2022\/12\/YUZU_18-8x12.jpg 8w, https:\/\/www.yuzu-diningbar.nl\/wp-content\/uploads\/2022\/12\/YUZU_18-scaled.jpg 1707w\" sizes=\"(max-width: 683px) 100vw, 683px\" \/>\n            <\/div>\n            <div class=\"md:w-[calc(75% - 10vw)] second absolute right-0 -bottom-[5%] h-2\/3 w-1\/2\">\n                            <\/div>\n        <\/div>\n        <div class=\"py-6 md:py-48\">\n                        <h2 class=\"text-sm font-bold\">\n                <span class=\"text-red-500\">\n                    \/\/\/\n                <\/span>\n                Yuzu&#8217;s Basement            <\/h2>\n            <div class=\"prose mt-4 text-justify text-xs text-black\">\n                <p style=\"font-weight: 400;\">Head down the stairs and enter our secret, underground hide-out. The perfect place to forget what\u2019s happening above ground, and go all out!<\/p>\n<p style=\"font-weight: 400;\">Laten we eerst even teruggaan in de tijd. Van ergens in de jaren '60 tot eind jaren '80 was de plek die we nu Yuzu noemen een van de eerste, zo niet de eerste, gaybar in Amsterdam: de Incognito Bar. Een plek waar veel celebs samenkwamen en waar het ok\u00e9 was om openlijk voor je geaardheid uit te komen - iets wat je in die tijd een beetje voor jezelf hield. Dus om je problemen achter je te laten en even los te gaan, was de Incognito Bar de plek bij uitstek. Groot genoeg om niet tegen buren aan te botsen, maar intiem genoeg om je veilig te voelen.<\/p>\n<p style=\"font-weight: 400;\">During our basement renovation, builders found some things in the walls that had been waiting for daylight for over 30 years. Talking about intimate\u2026 Anyway, a part of history worth sharing.<\/p>\n<p>&nbsp;<\/p>\n<p style=\"font-weight: 400;\">Maar afgezien van het mooie verhaal is onze kelder veel meer dan dat. We hielden de privacy en intimiteit die Incognito Bar zijn gasten bood in gedachten en cre\u00eberden een afgezonderde ruimte voor evenementen zoals priv\u00e9-diners, zakelijke aangelegenheden, priv\u00e9 feesten en nog veel meer soorten evenementen. Wat je ook in gedachten hebt, de mogelijkheden zijn oneindig!<\/p>\n            <\/div>\n                                            <a class=\"btn btn-border-black mt-4 inline-flex items-center\" href=\"https:\/\/www.yuzu-diningbar.nl\/wp-content\/uploads\/2026\/02\/Yuzu-Dining-Bar-brochure-2026.pdf\"  role=\"button\">Download brochure<\/a>\n                    <\/div>\n    <\/div>\n<\/div>\n\n\n<div class=\"wp-block relative p-4 md:p-8\">\n    <div class=\"cta-content p-16 md:p-32 text-center relative overflow-hidden\">\n                <div class=\"relative\">\n            <h3 class=\"text-red-500 text-xxs uppercase mb-4\">Let&#8217;s go!<\/h3>\n            <h2 class=\"text-3xl mb-4 font-bold\"><\/h2>\n            <div class=\"max-w-xl mx-auto mb-4\">Now you know Yuzu Dining Bar is an amazing space for private diners, corporate affairs and events, besides being an excellent place for food and drinks. Obviously. <\/div>\n                            <a href=\"mailto:reservations@yuzu-diningbar.nl\" class=\"mt-4 inline-flex transition-colors\">\n                    Neem contact met ons op                <\/a>\n                    <\/div>\n    <\/div>\n<\/div>","protected":false},"excerpt":{"rendered":"","protected":false},"author":1,"featured_media":0,"parent":0,"menu_order":0,"comment_status":"closed","ping_status":"closed","template":"template-page.blade.php","meta":{"inline_featured_image":false,"footnotes":""},"acf":[],"yoast_head":"<!-- This site is optimized with the Yoast SEO plugin v22.5 - https:\/\/yoast.com\/wordpress\/plugins\/seo\/ -->\n<title>Events - Yuzu Dining Bar<\/title>\n<meta name=\"description\" content=\"Next to a great place for food and drinks. We offer an amazing space for parties and events, corporate meetings, family affairs or private dinners.\" \/>\n<meta name=\"robots\" content=\"index, follow, max-snippet:-1, max-image-preview:large, max-video-preview:-1\" \/>\n<link rel=\"canonical\" href=\"https:\/\/www.yuzu-diningbar.nl\/nl\/events\/\" \/>\n<meta property=\"og:locale\" content=\"nl_NL\" \/>\n<meta property=\"og:type\" content=\"article\" \/>\n<meta property=\"og:title\" content=\"Events - Yuzu Dining Bar\" \/>\n<meta property=\"og:description\" content=\"Next to a great place for food and drinks. We offer an amazing space for parties and events, corporate meetings, family affairs or private dinners.\" \/>\n<meta property=\"og:url\" content=\"https:\/\/www.yuzu-diningbar.nl\/nl\/events\/\" \/>\n<meta property=\"og:site_name\" content=\"Yuzu Dining Bar\" \/>\n<meta property=\"article:modified_time\" content=\"2026-02-12T14:58:59+00:00\" \/>\n<meta name=\"twitter:card\" content=\"summary_large_image\" \/>\n<script type=\"application\/ld+json\" class=\"yoast-schema-graph\">{\"@context\":\"https:\/\/schema.org\",\"@graph\":[{\"@type\":\"WebPage\",\"@id\":\"https:\/\/www.yuzu-diningbar.nl\/events\/\",\"url\":\"https:\/\/www.yuzu-diningbar.nl\/events\/\",\"name\":\"Events - Yuzu Dining Bar\",\"isPartOf\":{\"@id\":\"https:\/\/www.yuzu-diningbar.nl\/#website\"},\"datePublished\":\"2022-02-25T08:55:38+00:00\",\"dateModified\":\"2026-02-12T14:58:59+00:00\",\"description\":\"Next to a great place for food and drinks. We offer an amazing space for parties and events, corporate meetings, family affairs or private dinners.\",\"breadcrumb\":{\"@id\":\"https:\/\/www.yuzu-diningbar.nl\/events\/#breadcrumb\"},\"inLanguage\":\"nl-NL\",\"potentialAction\":[{\"@type\":\"ReadAction\",\"target\":[\"https:\/\/www.yuzu-diningbar.nl\/events\/\"]}]},{\"@type\":\"BreadcrumbList\",\"@id\":\"https:\/\/www.yuzu-diningbar.nl\/events\/#breadcrumb\",\"itemListElement\":[{\"@type\":\"ListItem\",\"position\":1,\"name\":\"Home\",\"item\":\"https:\/\/www.yuzu-diningbar.nl\/\"},{\"@type\":\"ListItem\",\"position\":2,\"name\":\"Events\"}]},{\"@type\":\"WebSite\",\"@id\":\"https:\/\/www.yuzu-diningbar.nl\/#website\",\"url\":\"https:\/\/www.yuzu-diningbar.nl\/\",\"name\":\"Yuzu Dining Bar\",\"description\":\"Japans Restaurant in Amsterdam | Yakitori, Signature dishes &amp; Cocktails\",\"publisher\":{\"@id\":\"https:\/\/www.yuzu-diningbar.nl\/#organization\"},\"potentialAction\":[{\"@type\":\"SearchAction\",\"target\":{\"@type\":\"EntryPoint\",\"urlTemplate\":\"https:\/\/www.yuzu-diningbar.nl\/?s={search_term_string}\"},\"query-input\":\"required name=search_term_string\"}],\"inLanguage\":\"nl-NL\"},{\"@type\":\"Organization\",\"@id\":\"https:\/\/www.yuzu-diningbar.nl\/#organization\",\"name\":\"Yuzu Dining Bar\",\"url\":\"https:\/\/www.yuzu-diningbar.nl\/\",\"logo\":{\"@type\":\"ImageObject\",\"inLanguage\":\"nl-NL\",\"@id\":\"https:\/\/www.yuzu-diningbar.nl\/#\/schema\/logo\/image\/\",\"url\":\"https:\/\/www.yuzu-diningbar.nl\/wp-content\/uploads\/2023\/07\/YUZU.INTERIOR_22-scaled.jpg\",\"contentUrl\":\"https:\/\/www.yuzu-diningbar.nl\/wp-content\/uploads\/2023\/07\/YUZU.INTERIOR_22-scaled.jpg\",\"width\":1707,\"height\":2560,\"caption\":\"Yuzu Dining Bar\"},\"image\":{\"@id\":\"https:\/\/www.yuzu-diningbar.nl\/#\/schema\/logo\/image\/\"}}]}<\/script>\n<!-- \/ Yoast SEO plugin. -->","yoast_head_json":{"title":"Events - Yuzu Dining Bar","description":"Next to a great place for food and drinks. We offer an amazing space for parties and events, corporate meetings, family affairs or private dinners.","robots":{"index":"index","follow":"follow","max-snippet":"max-snippet:-1","max-image-preview":"max-image-preview:large","max-video-preview":"max-video-preview:-1"},"canonical":"https:\/\/www.yuzu-diningbar.nl\/nl\/events\/","og_locale":"nl_NL","og_type":"article","og_title":"Events - Yuzu Dining Bar","og_description":"Next to a great place for food and drinks. We offer an amazing space for parties and events, corporate meetings, family affairs or private dinners.","og_url":"https:\/\/www.yuzu-diningbar.nl\/nl\/events\/","og_site_name":"Yuzu Dining Bar","article_modified_time":"2026-02-12T14:58:59+00:00","twitter_card":"summary_large_image","schema":{"@context":"https:\/\/schema.org","@graph":[{"@type":"WebPage","@id":"https:\/\/www.yuzu-diningbar.nl\/events\/","url":"https:\/\/www.yuzu-diningbar.nl\/events\/","name":"Events - Yuzu Dining Bar","isPartOf":{"@id":"https:\/\/www.yuzu-diningbar.nl\/#website"},"datePublished":"2022-02-25T08:55:38+00:00","dateModified":"2026-02-12T14:58:59+00:00","description":"Next to a great place for food and drinks. We offer an amazing space for parties and events, corporate meetings, family affairs or private dinners.","breadcrumb":{"@id":"https:\/\/www.yuzu-diningbar.nl\/events\/#breadcrumb"},"inLanguage":"nl-NL","potentialAction":[{"@type":"ReadAction","target":["https:\/\/www.yuzu-diningbar.nl\/events\/"]}]},{"@type":"BreadcrumbList","@id":"https:\/\/www.yuzu-diningbar.nl\/events\/#breadcrumb","itemListElement":[{"@type":"ListItem","position":1,"name":"Home","item":"https:\/\/www.yuzu-diningbar.nl\/"},{"@type":"ListItem","position":2,"name":"Events"}]},{"@type":"WebSite","@id":"https:\/\/www.yuzu-diningbar.nl\/#website","url":"https:\/\/www.yuzu-diningbar.nl\/","name":"Yuzu Dining Bar","description":"Japans Restaurant in Amsterdam | Yakitori, Signature dishes &amp; Cocktails","publisher":{"@id":"https:\/\/www.yuzu-diningbar.nl\/#organization"},"potentialAction":[{"@type":"SearchAction","target":{"@type":"EntryPoint","urlTemplate":"https:\/\/www.yuzu-diningbar.nl\/?s={search_term_string}"},"query-input":"required name=search_term_string"}],"inLanguage":"nl-NL"},{"@type":"Organization","@id":"https:\/\/www.yuzu-diningbar.nl\/#organization","name":"Yuzu Dining Bar","url":"https:\/\/www.yuzu-diningbar.nl\/","logo":{"@type":"ImageObject","inLanguage":"nl-NL","@id":"https:\/\/www.yuzu-diningbar.nl\/#\/schema\/logo\/image\/","url":"https:\/\/www.yuzu-diningbar.nl\/wp-content\/uploads\/2023\/07\/YUZU.INTERIOR_22-scaled.jpg","contentUrl":"https:\/\/www.yuzu-diningbar.nl\/wp-content\/uploads\/2023\/07\/YUZU.INTERIOR_22-scaled.jpg","width":1707,"height":2560,"caption":"Yuzu Dining Bar"},"image":{"@id":"https:\/\/www.yuzu-diningbar.nl\/#\/schema\/logo\/image\/"}}]}},"_links":{"self":[{"href":"https:\/\/www.yuzu-diningbar.nl\/nl\/wp-json\/wp\/v2\/pages\/545"}],"collection":[{"href":"https:\/\/www.yuzu-diningbar.nl\/nl\/wp-json\/wp\/v2\/pages"}],"about":[{"href":"https:\/\/www.yuzu-diningbar.nl\/nl\/wp-json\/wp\/v2\/types\/page"}],"author":[{"embeddable":true,"href":"https:\/\/www.yuzu-diningbar.nl\/nl\/wp-json\/wp\/v2\/users\/1"}],"replies":[{"embeddable":true,"href":"https:\/\/www.yuzu-diningbar.nl\/nl\/wp-json\/wp\/v2\/comments?post=545"}],"version-history":[{"count":67,"href":"https:\/\/www.yuzu-diningbar.nl\/nl\/wp-json\/wp\/v2\/pages\/545\/revisions"}],"predecessor-version":[{"id":1180,"href":"https:\/\/www.yuzu-diningbar.nl\/nl\/wp-json\/wp\/v2\/pages\/545\/revisions\/1180"}],"wp:attachment":[{"href":"https:\/\/www.yuzu-diningbar.nl\/nl\/wp-json\/wp\/v2\/media?parent=545"}],"curies":[{"name":"wp","href":"https:\/\/api.w.org\/{rel}","templated":true}]}}